{"id":1356,"date":"2021-02-02T08:21:45","date_gmt":"2021-02-02T08:21:45","guid":{"rendered":"https:\/\/jpadesign.es\/?page_id=1356"},"modified":"2026-03-10T20:17:56","modified_gmt":"2026-03-10T20:17:56","slug":"sobre-mi","status":"publish","type":"page","link":"https:\/\/jpadesign.es\/?page_id=1356","title":{"rendered":"SOBRE MI"},"content":{"rendered":"\t\t<div data-elementor-type=\"wp-page\" data-elementor-id=\"1356\" class=\"elementor elementor-1356\">\n\t\t\t\t\t\t<section class=\"elementor-section elementor-top-section elementor-element elementor-element-5127744c elementor-section-full_width elementor-section-stretched elementor-section-height-default elementor-section-height-default\" data-id=\"5127744c\" data-element_type=\"section\" data-e-type=\"section\" data-settings=\"{&quot;stretch_section&quot;:&quot;section-stretched&quot;,&quot;background_background&quot;:&quot;classic&quot;}\">\n\t\t\t\t\t\t<div class=\"elementor-container elementor-column-gap-custom\">\n\t\t\t\t\t<div class=\"elementor-column elementor-col-100 elementor-top-column elementor-element elementor-element-70729986\" data-id=\"70729986\" data-element_type=\"column\" data-e-type=\"column\">\n\t\t\t<div class=\"elementor-widget-wrap elementor-element-populated\">\n\t\t\t\t\t\t<div class=\"elementor-element elementor-element-2e040e1 elementor-widget elementor-widget-image\" data-id=\"2e040e1\" data-element_type=\"widget\" data-e-type=\"widget\" data-widget_type=\"image.default\">\n\t\t\t\t<div class=\"elementor-widget-container\">\n\t\t\t\t\t\t\t\t\t\t\t\t\t\t\t<img fetchpriority=\"high\" decoding=\"async\" width=\"2560\" height=\"262\" src=\"https:\/\/jpadesign.es\/wp-content\/uploads\/2023\/07\/JPA-Banner-Sobre-mi-scaled.jpg\" class=\"attachment-full size-full wp-image-1926\" alt=\"\" srcset=\"https:\/\/jpadesign.es\/wp-content\/uploads\/2023\/07\/JPA-Banner-Sobre-mi-scaled.jpg 2560w, https:\/\/jpadesign.es\/wp-content\/uploads\/2023\/07\/JPA-Banner-Sobre-mi-300x31.jpg 300w, https:\/\/jpadesign.es\/wp-content\/uploads\/2023\/07\/JPA-Banner-Sobre-mi-1024x105.jpg 1024w, https:\/\/jpadesign.es\/wp-content\/uploads\/2023\/07\/JPA-Banner-Sobre-mi-768x79.jpg 768w, https:\/\/jpadesign.es\/wp-content\/uploads\/2023\/07\/JPA-Banner-Sobre-mi-1536x157.jpg 1536w, https:\/\/jpadesign.es\/wp-content\/uploads\/2023\/07\/JPA-Banner-Sobre-mi-2048x210.jpg 2048w\" sizes=\"(max-width: 2560px) 100vw, 2560px\" \/>\t\t\t\t\t\t\t\t\t\t\t\t\t\t\t<\/div>\n\t\t\t\t<\/div>\n\t\t\t\t\t<\/div>\n\t\t<\/div>\n\t\t\t\t\t<\/div>\n\t\t<\/section>\n\t\t\t\t<section class=\"elementor-section elementor-top-section elementor-element elementor-element-4130c40 elementor-section-boxed elementor-section-height-default elementor-section-height-default\" data-id=\"4130c40\" data-element_type=\"section\" data-e-type=\"section\" data-settings=\"{&quot;background_background&quot;:&quot;classic&quot;}\">\n\t\t\t\t\t\t<div class=\"elementor-container elementor-column-gap-no\">\n\t\t\t\t\t<div class=\"elementor-column elementor-col-50 elementor-top-column elementor-element elementor-element-1a4e914\" data-id=\"1a4e914\" data-element_type=\"column\" data-e-type=\"column\" data-settings=\"{&quot;background_background&quot;:&quot;classic&quot;}\">\n\t\t\t<div class=\"elementor-widget-wrap elementor-element-populated\">\n\t\t\t\t\t\t<div class=\"elementor-element elementor-element-b3d6d32 elementor-widget elementor-widget-image\" data-id=\"b3d6d32\" data-element_type=\"widget\" data-e-type=\"widget\" data-widget_type=\"image.default\">\n\t\t\t\t<div class=\"elementor-widget-container\">\n\t\t\t\t\t\t\t\t\t\t\t\t\t\t\t<img decoding=\"async\" width=\"1130\" height=\"2000\" src=\"https:\/\/jpadesign.es\/wp-content\/uploads\/2023\/06\/IMG20230527203855-scaled-e1688482267744.jpg\" class=\"attachment-full size-full wp-image-1378\" alt=\"\" srcset=\"https:\/\/jpadesign.es\/wp-content\/uploads\/2023\/06\/IMG20230527203855-scaled-e1688482267744.jpg 1130w, https:\/\/jpadesign.es\/wp-content\/uploads\/2023\/06\/IMG20230527203855-scaled-e1688482267744-170x300.jpg 170w, https:\/\/jpadesign.es\/wp-content\/uploads\/2023\/06\/IMG20230527203855-scaled-e1688482267744-579x1024.jpg 579w, https:\/\/jpadesign.es\/wp-content\/uploads\/2023\/06\/IMG20230527203855-scaled-e1688482267744-768x1359.jpg 768w, https:\/\/jpadesign.es\/wp-content\/uploads\/2023\/06\/IMG20230527203855-scaled-e1688482267744-868x1536.jpg 868w\" sizes=\"(max-width: 1130px) 100vw, 1130px\" \/>\t\t\t\t\t\t\t\t\t\t\t\t\t\t\t<\/div>\n\t\t\t\t<\/div>\n\t\t\t\t\t<\/div>\n\t\t<\/div>\n\t\t\t\t<div class=\"elementor-column elementor-col-50 elementor-top-column elementor-element elementor-element-572841d\" data-id=\"572841d\" data-element_type=\"column\" data-e-type=\"column\">\n\t\t\t<div class=\"elementor-widget-wrap elementor-element-populated\">\n\t\t\t\t\t\t<div class=\"elementor-element elementor-element-de89e1a elementor-widget elementor-widget-heading\" data-id=\"de89e1a\" data-element_type=\"widget\" data-e-type=\"widget\" data-widget_type=\"heading.default\">\n\t\t\t\t<div class=\"elementor-widget-container\">\n\t\t\t\t\t<h4 class=\"elementor-heading-title elementor-size-default\">Soy Javi, dise\u00f1ador gr\u00e1fico.<\/h4>\t\t\t\t<\/div>\n\t\t\t\t<\/div>\n\t\t\t\t<div class=\"elementor-element elementor-element-81bd81a elementor-widget-divider--view-line elementor-widget elementor-widget-divider\" data-id=\"81bd81a\" data-element_type=\"widget\" data-e-type=\"widget\" data-widget_type=\"divider.default\">\n\t\t\t\t<div class=\"elementor-widget-container\">\n\t\t\t\t\t\t\t<div class=\"elementor-divider\">\n\t\t\t<span class=\"elementor-divider-separator\">\n\t\t\t\t\t\t<\/span>\n\t\t<\/div>\n\t\t\t\t\t\t<\/div>\n\t\t\t\t<\/div>\n\t\t\t\t<div class=\"elementor-element elementor-element-4c00079 elementor-widget elementor-widget-heading\" data-id=\"4c00079\" data-element_type=\"widget\" data-e-type=\"widget\" data-widget_type=\"heading.default\">\n\t\t\t\t<div class=\"elementor-widget-container\">\n\t\t\t\t\t<h6 class=\"elementor-heading-title elementor-size-default\">Dise\u00f1ador Gr\u00e1fico<br>Branding y aplicaci\u00f3n visual<\/h6>\t\t\t\t<\/div>\n\t\t\t\t<\/div>\n\t\t\t\t<div class=\"elementor-element elementor-element-1aa2a02 elementor-widget__width-initial elementor-widget elementor-widget-text-editor\" data-id=\"1aa2a02\" data-element_type=\"widget\" data-e-type=\"widget\" data-widget_type=\"text-editor.default\">\n\t\t\t\t<div class=\"elementor-widget-container\">\n\t\t\t\t\t\t\t\t\t<p data-start=\"2311\" data-end=\"2377\"><strong data-start=\"2311\" data-end=\"2323\">Branding<\/strong><br data-start=\"2323\" data-end=\"2326\" \/>Dise\u00f1o de identidades visuales y sistemas gr\u00e1ficos.<\/p><p data-start=\"2379\" data-end=\"2455\"><strong data-start=\"2379\" data-end=\"2401\">Artes gr\u00e1ficas<\/strong><br data-start=\"2401\" data-end=\"2404\" \/>Dise\u00f1o y preparaci\u00f3n de vinilos, se\u00f1al\u00e9tica, rotulaci\u00f3n y artes finales para producci\u00f3n gr\u00e1fica.<\/p><p data-start=\"2457\" data-end=\"2530\"><strong data-start=\"2457\" data-end=\"2474\">Nuevas tecnolog\u00edas<\/strong><br data-start=\"2474\" data-end=\"2477\" \/>Uso de inteligencia artificial como apoyo en generaci\u00f3n de recursos visuales y procesos creativos.<\/p>\t\t\t\t\t\t\t\t<\/div>\n\t\t\t\t<\/div>\n\t\t\t\t<div class=\"elementor-element elementor-element-83f73ed elementor-widget elementor-widget-heading\" data-id=\"83f73ed\" data-element_type=\"widget\" data-e-type=\"widget\" data-widget_type=\"heading.default\">\n\t\t\t\t<div class=\"elementor-widget-container\">\n\t\t\t\t\t<span class=\"elementor-heading-title elementor-size-default\">\u00bfHablamos?<\/span>\t\t\t\t<\/div>\n\t\t\t\t<\/div>\n\t\t\t\t<div class=\"elementor-element elementor-element-606b1b6 elementor-widget elementor-widget-heading\" data-id=\"606b1b6\" data-element_type=\"widget\" data-e-type=\"widget\" data-widget_type=\"heading.default\">\n\t\t\t\t<div class=\"elementor-widget-container\">\n\t\t\t\t\t<h6 class=\"elementor-heading-title elementor-size-default\"><a href=\"#\">javierpe3799@gmail.com\n<\/a><\/h6>\t\t\t\t<\/div>\n\t\t\t\t<\/div>\n\t\t\t\t\t<\/div>\n\t\t<\/div>\n\t\t\t\t\t<\/div>\n\t\t<\/section>\n\t\t\t\t<section class=\"elementor-section elementor-top-section elementor-element elementor-element-bd4576f elementor-section-boxed elementor-section-height-default elementor-section-height-default\" data-id=\"bd4576f\" data-element_type=\"section\" data-e-type=\"section\" data-settings=\"{&quot;background_background&quot;:&quot;classic&quot;}\">\n\t\t\t\t\t\t<div class=\"elementor-container elementor-column-gap-default\">\n\t\t\t\t\t<div class=\"elementor-column elementor-col-50 elementor-top-column elementor-element elementor-element-19e3213\" data-id=\"19e3213\" data-element_type=\"column\" data-e-type=\"column\">\n\t\t\t<div class=\"elementor-widget-wrap elementor-element-populated\">\n\t\t\t\t\t\t<div class=\"elementor-element elementor-element-33959e1 elementor-widget elementor-widget-heading\" data-id=\"33959e1\" data-element_type=\"widget\" data-e-type=\"widget\" data-widget_type=\"heading.default\">\n\t\t\t\t<div class=\"elementor-widget-container\">\n\t\t\t\t\t<h4 class=\"elementor-heading-title elementor-size-default\">C\u00f3mo trabajo el dise\u00f1o<\/h4>\t\t\t\t<\/div>\n\t\t\t\t<\/div>\n\t\t\t\t<div class=\"elementor-element elementor-element-fa06c20 elementor-widget-divider--view-line elementor-widget elementor-widget-divider\" data-id=\"fa06c20\" data-element_type=\"widget\" data-e-type=\"widget\" data-widget_type=\"divider.default\">\n\t\t\t\t<div class=\"elementor-widget-container\">\n\t\t\t\t\t\t\t<div class=\"elementor-divider\">\n\t\t\t<span class=\"elementor-divider-separator\">\n\t\t\t\t\t\t<\/span>\n\t\t<\/div>\n\t\t\t\t\t\t<\/div>\n\t\t\t\t<\/div>\n\t\t\t\t<div class=\"elementor-element elementor-element-1b7425b elementor-widget elementor-widget-text-editor\" data-id=\"1b7425b\" data-element_type=\"widget\" data-e-type=\"widget\" data-widget_type=\"text-editor.default\">\n\t\t\t\t<div class=\"elementor-widget-container\">\n\t\t\t\t\t\t\t\t\t<p data-start=\"1048\" data-end=\"1169\">Desarrollo proyectos de dise\u00f1o gr\u00e1fico teniendo en cuenta tanto la parte conceptual como su aplicaci\u00f3n en soportes reales.<\/p><p data-start=\"1176\" data-end=\"1352\">Mi experiencia incluye el desarrollo de identidades visuales, dise\u00f1o para rotulaci\u00f3n y vinilaje, as\u00ed como la preparaci\u00f3n de artes finales para impresi\u00f3n y producci\u00f3n gr\u00e1fica.<\/p><p data-start=\"1359\" data-end=\"1482\">Esto me permite desarrollar soluciones visuales que funcionan tanto en entorno digital como en soportes f\u00edsicos.<\/p>\t\t\t\t\t\t\t\t<\/div>\n\t\t\t\t<\/div>\n\t\t\t\t<div class=\"elementor-element elementor-element-4c87a5f elementor-widget elementor-widget-button\" data-id=\"4c87a5f\" data-element_type=\"widget\" data-e-type=\"widget\" data-widget_type=\"button.default\">\n\t\t\t\t<div class=\"elementor-widget-container\">\n\t\t\t\t\t\t\t\t\t<div class=\"elementor-button-wrapper\">\n\t\t\t\t\t<a class=\"elementor-button elementor-button-link elementor-size-md\" href=\"http:\/\/jpadesign.es\/wp-content\/uploads\/2026\/03\/Javier-Perez-Alonso-Curriculum.pdf\">\n\t\t\t\t\t\t<span class=\"elementor-button-content-wrapper\">\n\t\t\t\t\t\t\t\t\t<span class=\"elementor-button-text\">Curriculum<\/span>\n\t\t\t\t\t<\/span>\n\t\t\t\t\t<\/a>\n\t\t\t\t<\/div>\n\t\t\t\t\t\t\t\t<\/div>\n\t\t\t\t<\/div>\n\t\t\t\t\t<\/div>\n\t\t<\/div>\n\t\t\t\t<div class=\"elementor-column elementor-col-50 elementor-top-column elementor-element elementor-element-d4d1a6e\" data-id=\"d4d1a6e\" data-element_type=\"column\" data-e-type=\"column\">\n\t\t\t<div class=\"elementor-widget-wrap elementor-element-populated\">\n\t\t\t\t\t\t<div class=\"elementor-element elementor-element-50380d0 elementor-widget elementor-widget-heading\" data-id=\"50380d0\" data-element_type=\"widget\" data-e-type=\"widget\" data-widget_type=\"heading.default\">\n\t\t\t\t<div class=\"elementor-widget-container\">\n\t\t\t\t\t<h4 class=\"elementor-heading-title elementor-size-default\">Especialidades<\/h4>\t\t\t\t<\/div>\n\t\t\t\t<\/div>\n\t\t\t\t<div class=\"elementor-element elementor-element-18f7b64 elementor-widget-divider--view-line elementor-widget elementor-widget-divider\" data-id=\"18f7b64\" data-element_type=\"widget\" data-e-type=\"widget\" data-widget_type=\"divider.default\">\n\t\t\t\t<div class=\"elementor-widget-container\">\n\t\t\t\t\t\t\t<div class=\"elementor-divider\">\n\t\t\t<span class=\"elementor-divider-separator\">\n\t\t\t\t\t\t<\/span>\n\t\t<\/div>\n\t\t\t\t\t\t<\/div>\n\t\t\t\t<\/div>\n\t\t\t\t<div class=\"elementor-element elementor-element-0cf2991 elementor-widget elementor-widget-text-editor\" data-id=\"0cf2991\" data-element_type=\"widget\" data-e-type=\"widget\" data-widget_type=\"text-editor.default\">\n\t\t\t\t<div class=\"elementor-widget-container\">\n\t\t\t\t\t\t\t\t\t<h6 data-section-id=\"13w4gfc\" data-start=\"651\" data-end=\"666\">Capacidades<\/h6>\n<p data-start=\"668\" data-end=\"891\">Branding e identidad visual<br data-start=\"695\" data-end=\"698\">Dise\u00f1o para rotulaci\u00f3n y vinilaje<br data-start=\"731\" data-end=\"734\">Preparaci\u00f3n de artes finales para impresi\u00f3n<br data-start=\"777\" data-end=\"780\">Adaptaci\u00f3n gr\u00e1fica a m\u00faltiples soportes<br data-start=\"819\" data-end=\"822\">Se\u00f1al\u00e9tica y comunicaci\u00f3n visual<br data-start=\"854\" data-end=\"857\">IA aplicada a procesos creativos<\/p>\n<h6 data-section-id=\"11d6y4j\" data-start=\"893\" data-end=\"909\">Herramientas<\/h6>\n<p data-start=\"911\" data-end=\"987\">Adobe Illustrator<br data-start=\"928\" data-end=\"931\">Adobe Photoshop<br data-start=\"946\" data-end=\"949\">Adobe InDesign<br data-start=\"963\" data-end=\"966\">CorelDRAW<br>ChatGPT (IA aplicada al dise\u00f1o)<\/p>\t\t\t\t\t\t\t\t<\/div>\n\t\t\t\t<\/div>\n\t\t\t\t\t<\/div>\n\t\t<\/div>\n\t\t\t\t\t<\/div>\n\t\t<\/section>\n\t\t\t\t<\/div>\n\t\t","protected":false},"excerpt":{"rendered":"<p>Soy Javi, dise\u00f1ador gr\u00e1fico. Dise\u00f1ador Gr\u00e1ficoBranding y aplicaci\u00f3n visual BrandingDise\u00f1o de identidades visuales y sistemas gr\u00e1ficos. Artes gr\u00e1ficasDise\u00f1o y preparaci\u00f3n de vinilos, se\u00f1al\u00e9tica, rotulaci\u00f3n y artes finales para producci\u00f3n gr\u00e1fica. Nuevas tecnolog\u00edasUso de inteligencia artificial como apoyo en generaci\u00f3n de recursos visuales y procesos creativos. \u00bfHablamos? javierpe3799@gmail.com C\u00f3mo trabajo el dise\u00f1o Desarrollo proyectos de dise\u00f1o [&hellip;]<\/p>\n","protected":false},"author":1,"featured_media":0,"parent":0,"menu_order":0,"comment_status":"closed","ping_status":"closed","template":"elementor_header_footer","meta":{"om_disable_all_campaigns":false,"_uag_custom_page_level_css":"","_monsterinsights_skip_tracking":false,"_monsterinsights_sitenote_active":false,"_monsterinsights_sitenote_note":"","_monsterinsights_sitenote_category":0,"site-sidebar-layout":"no-sidebar","site-content-layout":"page-builder","ast-site-content-layout":"","site-content-style":"default","site-sidebar-style":"default","ast-global-header-display":"","ast-banner-title-visibility":"","ast-main-header-display":"","ast-hfb-above-header-display":"","ast-hfb-below-header-display":"","ast-hfb-mobile-header-display":"","site-post-title":"disabled","ast-breadcrumbs-content":"disabled","ast-featured-img":"disabled","footer-sml-layout":"","theme-transparent-header-meta":"enabled","adv-header-id-meta":"","stick-header-meta":"","header-above-stick-meta":"","header-main-stick-meta":"","header-below-stick-meta":"","astra-migrate-meta-layouts":"default","ast-page-background-enabled":"default","ast-page-background-meta":{"desktop":{"background-color":"","background-image":"","background-repeat":"repeat","background-position":"center center","background-size":"auto","background-attachment":"scroll","background-type":"","background-media":"","overlay-type":"","overlay-color":"","overlay-gradient":""},"tablet":{"background-color":"","background-image":"","background-repeat":"repeat","background-position":"center center","background-size":"auto","background-attachment":"scroll","background-type":"","background-media":"","overlay-type":"","overlay-color":"","overlay-gradient":""},"mobile":{"background-color":"","background-image":"","background-repeat":"repeat","background-position":"center center","background-size":"auto","background-attachment":"scroll","background-type":"","background-media":"","overlay-type":"","overlay-color":"","overlay-gradient":""}},"ast-content-background-meta":{"desktop":{"background-color":"var(--ast-global-color-5)","background-image":"","background-repeat":"repeat","background-position":"center center","background-size":"auto","background-attachment":"scroll","background-type":"","background-media":"","overlay-type":"","overlay-color":"","overlay-gradient":""},"tablet":{"background-color":"var(--ast-global-color-5)","background-image":"","background-repeat":"repeat","background-position":"center center","background-size":"auto","background-attachment":"scroll","background-type":"","background-media":"","overlay-type":"","overlay-color":"","overlay-gradient":""},"mobile":{"background-color":"var(--ast-global-color-5)","background-image":"","background-repeat":"repeat","background-position":"center center","background-size":"auto","background-attachment":"scroll","background-type":"","background-media":"","overlay-type":"","overlay-color":"","overlay-gradient":""}},"footnotes":""},"class_list":["post-1356","page","type-page","status-publish","hentry"],"aioseo_notices":[],"jetpack_sharing_enabled":true,"uagb_featured_image_src":{"full":false,"thumbnail":false,"medium":false,"medium_large":false,"large":false,"1536x1536":false,"2048x2048":false},"uagb_author_info":{"display_name":"jpadesign.es","author_link":"https:\/\/jpadesign.es\/?author=1"},"uagb_comment_info":0,"uagb_excerpt":"Soy Javi, dise\u00f1ador gr\u00e1fico. Dise\u00f1ador Gr\u00e1ficoBranding y aplicaci\u00f3n visual BrandingDise\u00f1o de identidades visuales y sistemas gr\u00e1ficos. Artes gr\u00e1ficasDise\u00f1o y preparaci\u00f3n de vinilos, se\u00f1al\u00e9tica, rotulaci\u00f3n y artes finales para producci\u00f3n gr\u00e1fica. Nuevas tecnolog\u00edasUso de inteligencia artificial como apoyo en generaci\u00f3n de recursos visuales y procesos creativos. \u00bfHablamos? javierpe3799@gmail.com C\u00f3mo trabajo el dise\u00f1o Desarrollo proyectos de dise\u00f1o&hellip;","_links":{"self":[{"href":"https:\/\/jpadesign.es\/index.php?rest_route=\/wp\/v2\/pages\/1356","targetHints":{"allow":["GET"]}}],"collection":[{"href":"https:\/\/jpadesign.es\/index.php?rest_route=\/wp\/v2\/pages"}],"about":[{"href":"https:\/\/jpadesign.es\/index.php?rest_route=\/wp\/v2\/types\/page"}],"author":[{"embeddable":true,"href":"https:\/\/jpadesign.es\/index.php?rest_route=\/wp\/v2\/users\/1"}],"replies":[{"embeddable":true,"href":"https:\/\/jpadesign.es\/index.php?rest_route=%2Fwp%2Fv2%2Fcomments&post=1356"}],"version-history":[{"count":86,"href":"https:\/\/jpadesign.es\/index.php?rest_route=\/wp\/v2\/pages\/1356\/revisions"}],"predecessor-version":[{"id":2263,"href":"https:\/\/jpadesign.es\/index.php?rest_route=\/wp\/v2\/pages\/1356\/revisions\/2263"}],"wp:attachment":[{"href":"https:\/\/jpadesign.es\/index.php?rest_route=%2Fwp%2Fv2%2Fmedia&parent=1356"}],"curies":[{"name":"wp","href":"https:\/\/api.w.org\/{rel}","templated":true}]}}